{"id":8018,"date":"2025-07-25T12:07:10","date_gmt":"2025-07-25T10:07:10","guid":{"rendered":"https:\/\/www.les.unina.it\/?page_id=8018"},"modified":"2025-07-25T12:23:41","modified_gmt":"2025-07-25T10:23:41","slug":"geometria-foscolo-oberdan","status":"publish","type":"page","link":"https:\/\/www.les.unina.it\/index.php\/geometria-foscolo-oberdan\/","title":{"rendered":"Geometria Foscolo Oberdan"},"content":{"rendered":"\n<h2 class=\"wp-block-heading\">Esplorazione dei concetti della geometria euclidea<\/h2>\n\n\n\n<p class=\"has-black-color has-text-color has-medium-font-size\">L&#8217;attivit\u00e0 di ricerca e sperimentazione si \u00e8 svolta nelle classi seconde della scuola secondaria di primo grado. Le classi ospitano diverse realt\u00e0, etnie e classi sociali.\u00a0<\/p>\n\n\n\n<p class=\"has-black-color has-text-color has-medium-font-size\">Il periodo di osservazione si \u00e8 esteso dal mese di febbraio al mese di maggio in una serie di dieci incontri di due ore ciascuno presso la biblioteca scolastica riadattata a laboratorio.<\/p>\n\n\n<p><iframe loading=\"lazy\" src=\"https:\/\/drive.google.com\/file\/d\/18CmV8aG5csAZMqbEiOPxOP_5GWLzppXw\/preview\" width=\"1000\" height=\"480\" allow=\"autoplay\"><\/iframe><\/p>\n\n\n\n<p><\/p>\n","protected":false},"excerpt":{"rendered":"<p>Esplorazione dei concetti della geometria euclidea L&#8217;attivit\u00e0 di ricerca e sperimentazione si \u00e8 svolta nelle classi seconde della scuola secondaria di primo grado. Le classi ospitano diverse realt\u00e0, etnie e &#8230;<\/p>\n","protected":false},"author":1,"featured_media":0,"parent":0,"menu_order":0,"comment_status":"closed","ping_status":"closed","template":"","meta":{"footnotes":""},"class_list":["post-8018","page","type-page","status-publish","hentry"],"_links":{"self":[{"href":"https:\/\/www.les.unina.it\/index.php\/wp-json\/wp\/v2\/pages\/8018","targetHints":{"allow":["GET"]}}],"collection":[{"href":"https:\/\/www.les.unina.it\/index.php\/wp-json\/wp\/v2\/pages"}],"about":[{"href":"https:\/\/www.les.unina.it\/index.php\/wp-json\/wp\/v2\/types\/page"}],"author":[{"embeddable":true,"href":"https:\/\/www.les.unina.it\/index.php\/wp-json\/wp\/v2\/users\/1"}],"replies":[{"embeddable":true,"href":"https:\/\/www.les.unina.it\/index.php\/wp-json\/wp\/v2\/comments?post=8018"}],"version-history":[{"count":6,"href":"https:\/\/www.les.unina.it\/index.php\/wp-json\/wp\/v2\/pages\/8018\/revisions"}],"predecessor-version":[{"id":8027,"href":"https:\/\/www.les.unina.it\/index.php\/wp-json\/wp\/v2\/pages\/8018\/revisions\/8027"}],"wp:attachment":[{"href":"https:\/\/www.les.unina.it\/index.php\/wp-json\/wp\/v2\/media?parent=8018"}],"curies":[{"name":"wp","href":"https:\/\/api.w.org\/{rel}","templated":true}]}}