{"id":7534,"date":"2024-02-20T15:51:08","date_gmt":"2024-02-20T14:51:08","guid":{"rendered":"https:\/\/www.les.unina.it\/?page_id=7534"},"modified":"2025-12-16T17:46:32","modified_gmt":"2025-12-16T16:46:32","slug":"cambiamenti","status":"publish","type":"page","link":"https:\/\/www.les.unina.it\/index.php\/cambiamenti\/","title":{"rendered":"Cambia-menti"},"content":{"rendered":"\n<h2 class=\"wp-block-heading has-black-color has-text-color\">Cambia-menti<\/h2>\n\n\n\n<p class=\"has-black-color has-text-color has-medium-font-size\"><a href=\"https:\/\/percorsiconibambini.it\/cambiamenti\/2025\/12\/04\/limportanza-della-costruzione-dei-legami-contributo-dellassociazione-if-impararefare\/\" data-type=\"link\" data-id=\"https:\/\/percorsiconibambini.it\/cambiamenti\/2025\/12\/04\/limportanza-della-costruzione-dei-legami-contributo-dellassociazione-if-impararefare\/\">Cambia-menti<\/a> rafforza il partenariato che gi\u00e0 lavora con l\u2019IC Bovio-Colletta che ha la percentuale di alunni stranieri pi\u00f9 alta della citt\u00e0 e una platea con povert\u00e0 multi-strato.<br>Il progetto sperimenta un modello partecipativo e innovativo partendo dalle prime classi della primaria e introducendo nel curricolo scolastico modalit\u00e0 didattiche co-progettate da docenti, esperti e educatori per creare una scuola pilota che unisca didattica rigorosa, accoglienza competente, civismo e offerta creativa.<\/p>\n\n\n\n<p class=\"has-black-color has-text-color has-medium-font-size\">Il progetto ci vede coinvolti in interventi nelle classi terze dell&#8217;anno scolastico 2023\/2024 dell&#8217;I.C. Bovio-Colletta. Gli interventi sono mirati al potenziamento delle capacit\u00e0 matematiche dei bambini tramite attivit\u00e0 laboratoriali e di didattica alternativa.<\/p>\n\n\n\n<p class=\"has-black-color has-text-color has-medium-font-size\">L\u2019azione mira a consolidare il ruolo della scuola che ambisce a divenire attrattiva per tutte le famiglie perch\u00e9 sa ben curare l\u2019educazione scientifico-matematica e promuovere lo sviluppo cognitivo in tale ambito, all\u2019et\u00e0 giusta e nel far scoprire le opportunit\u00e0 e risorse che permettono di migliorare la qualit\u00e0 della vita dei cittadini grazie alle STEM.<br>Il contributo si articola in azioni tra loro correlate: attivit\u00e0 con 3 classi della primaria; co-formazione di insegnanti, educatori e genitori; realizzazione di laboratori immersivi a scuola su arte-scienza-matematica e tecnologie digitali; supervisione sugli aspetti pedagogici e in particolare sulla mediazione didattica in attivit\u00e0 con bambini e adulti in contesti formali e informali.<\/p>\n\n\n\n<p class=\"has-black-color has-text-color has-medium-font-size\">Il Gruppo di Ricerca del Dipartimento di Fisica di UNINA cura gli aspetti pedagogici riferibili alla mediazione didattica nelle attivit\u00e0 di Matematica e Scienze.<br>L&#8217;azione impatta trasversalmente anche sulle famiglie, che attraverso i propri figli comprendono l\u2019importanza di tali apprendimenti e il ruolo che essi hanno nella vita quotidiana; questi genitori hanno competenze articolate, che opportunamente rivisitate, possono essere di aiuto nella formazione dei ragazzi e in particolare di quelli a rischio. Ci\u00f2 richiede la condivisione con tutti gli adulti (educatori, insegnanti, genitori, ricercatori) di una visione non tradizionale del fare matematica e scienze.<\/p>\n\n\n\n<p class=\"has-black-color has-text-color has-medium-font-size\">Per la sostenibilit\u00e0 delle azioni si realizzer\u00e0 un catalogo di attivit\u00e0 didattiche strutturate in modo da permetterne la riproducibilit\u00e0 in contesti diversi (formali e informali).<br>Le attivit\u00e0 saranno cos\u00ec articolate:<\/p>\n\n\n\n<p class=\"has-black-color has-text-color has-medium-font-size\">\u2022 elaborazione di percorsi didattici con materiali e risorse;<br>\u2022 incontri di coprogettazione, programmazione con gli insegnanti e gli educatori coinvolti nelle attivit\u00e0 didattiche del Progetto (le attivit\u00e0 in via di sperimentazione derivano da un corso formazione nazionale);<br>\u2022 attivit\u00e0 di supervisione psico-pedagogica sugli aspetti didattici e metodologici che coinvolgono l\u2019intera comunit\u00e0 educante nel rapporto con bambini e adulti;<br>\u2022 attivit\u00e0 didattiche laboratoriali in ambito curricolare con l\u2019elaborazione di un catalogo specifico di strumenti formativi;<br>\u2022 laboratorio con i genitori.<\/p>\n\n\n\n<p class=\"has-black-color has-text-color has-medium-font-size\"><br>Al fine di garantire sostenibilit\u00e0 agli interventi &#8211; che potranno diventare patrimonio e sapienza didattica ordinaria della scuola anche dopo la fine del Progetto \u2013 sar\u00e0 co-costruito un catalogo di attivit\u00e0 flessibili da adattarsi ai diversi contesti.<\/p>\n\n\n\n<p class=\"has-black-color has-text-color has-medium-font-size\"><a href=\"https:\/\/www.les.unina.it\/index.php\/i-c-bovio-colletta\/\" data-type=\"page\" data-id=\"7940\">I.C. Bovio &#8211; Colletta<\/a><\/p>\n\n\n\n<p><\/p>\n\n\n\n<p class=\"has-black-color has-text-color has-link-color has-medium-font-size wp-elements-e59a7c1fd40cd67aa2a9e1b75094e29a\"><strong>Gruppo di progetto:<\/strong> Giancarlo Artiano, Emilio Balzano, Francesca De Risi; Antonella Liccardo (<em>Responsabile<\/em>), Francesca Mazzeo, Pietro Piccialli.<\/p>\n\n\n\n<p><\/p>\n","protected":false},"excerpt":{"rendered":"<p>Cambia-menti Cambia-menti rafforza il partenariato che gi\u00e0 lavora con l\u2019IC Bovio-Colletta che ha la percentuale di alunni stranieri pi\u00f9 alta della citt\u00e0 e una platea con povert\u00e0 multi-strato.Il progetto sperimenta &#8230;<\/p>\n","protected":false},"author":1,"featured_media":0,"parent":0,"menu_order":0,"comment_status":"closed","ping_status":"closed","template":"","meta":{"footnotes":""},"class_list":["post-7534","page","type-page","status-publish","hentry"],"_links":{"self":[{"href":"https:\/\/www.les.unina.it\/index.php\/wp-json\/wp\/v2\/pages\/7534","targetHints":{"allow":["GET"]}}],"collection":[{"href":"https:\/\/www.les.unina.it\/index.php\/wp-json\/wp\/v2\/pages"}],"about":[{"href":"https:\/\/www.les.unina.it\/index.php\/wp-json\/wp\/v2\/types\/page"}],"author":[{"embeddable":true,"href":"https:\/\/www.les.unina.it\/index.php\/wp-json\/wp\/v2\/users\/1"}],"replies":[{"embeddable":true,"href":"https:\/\/www.les.unina.it\/index.php\/wp-json\/wp\/v2\/comments?post=7534"}],"version-history":[{"count":8,"href":"https:\/\/www.les.unina.it\/index.php\/wp-json\/wp\/v2\/pages\/7534\/revisions"}],"predecessor-version":[{"id":8119,"href":"https:\/\/www.les.unina.it\/index.php\/wp-json\/wp\/v2\/pages\/7534\/revisions\/8119"}],"wp:attachment":[{"href":"https:\/\/www.les.unina.it\/index.php\/wp-json\/wp\/v2\/media?parent=7534"}],"curies":[{"name":"wp","href":"https:\/\/api.w.org\/{rel}","templated":true}]}}