{"id":7407,"date":"2023-12-04T12:42:25","date_gmt":"2023-12-04T11:42:25","guid":{"rendered":"https:\/\/www.les.unina.it\/?page_id=7407"},"modified":"2025-07-25T12:24:30","modified_gmt":"2025-07-25T10:24:30","slug":"ugo-foscolo-note","status":"publish","type":"page","link":"https:\/\/www.les.unina.it\/index.php\/ugo-foscolo-note\/","title":{"rendered":"Ugo Foscolo &#8211; N:OTE"},"content":{"rendered":"\n<div class=\"wp-block-cover is-light\"><span aria-hidden=\"true\" class=\"wp-block-cover__background has-background-dim\"><\/span><img loading=\"lazy\" decoding=\"async\" width=\"1200\" height=\"1600\" class=\"wp-block-cover__image-background wp-image-7461\" alt=\"\" src=\"https:\/\/www.les.unina.it\/wp-content\/uploads\/2023\/12\/WhatsApp-Image-2023-11-22-at-12.53.29-1.jpeg\" data-object-fit=\"cover\" srcset=\"https:\/\/www.les.unina.it\/wp-content\/uploads\/2023\/12\/WhatsApp-Image-2023-11-22-at-12.53.29-1.jpeg 1200w, https:\/\/www.les.unina.it\/wp-content\/uploads\/2023\/12\/WhatsApp-Image-2023-11-22-at-12.53.29-1-225x300.jpeg 225w, https:\/\/www.les.unina.it\/wp-content\/uploads\/2023\/12\/WhatsApp-Image-2023-11-22-at-12.53.29-1-768x1024.jpeg 768w, https:\/\/www.les.unina.it\/wp-content\/uploads\/2023\/12\/WhatsApp-Image-2023-11-22-at-12.53.29-1-1152x1536.jpeg 1152w\" sizes=\"auto, (max-width: 1200px) 100vw, 1200px\" \/><div class=\"wp-block-cover__inner-container is-layout-constrained wp-block-cover-is-layout-constrained\">\n<p class=\"has-text-align-center has-large-font-size\"><\/p>\n<\/div><\/div>\n\n\n\n<div style=\"height:41px\" aria-hidden=\"true\" class=\"wp-block-spacer\"><\/div>\n\n\n\n<p class=\"has-black-color has-text-color has-medium-font-size\">L&#8217;Istituto Comprensivo Statale \u201cFoscolo-Oberdan\u201d \u00e8 stato istituito nell&#8217;anno scolastico 2013\/2014, risultato del consolidamento della Scuola Secondaria di Primo Grado \u201cUgo Foscolo\u201d e del 12\u00b0 Circolo Didattico \u201cGuglielmo Oberdan\u201d, entrambe situate nel centro storico di Napoli. Queste istituzioni si sono affermate nel territorio grazie a una ricca e dinamica offerta formativa, in linea con le esigenze della comunit\u00e0 locale.<\/p>\n\n\n\n<p class=\"has-black-color has-text-color has-medium-font-size\">L&#8217;istituto si trova ad affrontare responsabilit\u00e0 specifiche, particolarmente in relazione ai fenomeni di insuccesso e dispersione scolastica. Questo scenario ha imposto come obiettivo primario la riqualificazione dell&#8217;azione educativa e didattica. In tale contesto, l&#8217;organizzazione scolastica diventa fondamentale, correlata a una progettualit\u00e0 mirata che supporti situazioni nuove e processi educativi reali.<\/p>\n\n\n\n<p class=\"has-black-color has-text-color has-medium-font-size\">L&#8217;istituto \u00e8 composto da cinque plessi: tre dedicati alla Scuola dell\u2019Infanzia e alla Scuola Primaria (Oberdan, Ex Nautico, Mazzini &#8211; Baccini) e due alla Scuola Secondaria di Primo Grado (Foscolo, Pontecorvo). Di questi, quattro plessi sono edifici storici riadattati per l&#8217;uso scolastico. Questa caratteristica limita la possibilit\u00e0 di organizzare spazi funzionali per una didattica di tipo laboratoriale in tutti i plessi della scuola secondaria di primo grado.<\/p>\n\n\n\n<p class=\"has-black-color has-text-color has-medium-font-size\">Nonostante la necessit\u00e0 di una transizione graduale dalla didattica tradizionale, basata sulla classe e sul lavoro collettivo, verso modelli pi\u00f9 personalizzabili, la didattica laboratoriale si distingue per la sua capacit\u00e0 di offrire maggiori opportunit\u00e0 di personalizzazione educativa e didattica. Questo approccio promuove una maggiore adattabilit\u00e0 alle esigenze individuali degli studenti.<\/p>\n\n\n\n<p class=\"has-black-color has-text-color has-medium-font-size\">L&#8217;orario scolastico \u00e8 strutturato su cinque giorni di lezione, dalle 8:00 alle 14:00, per un totale di 30 ore settimanali, dalla prima alla terza classe della Scuola Secondaria di Primo Grado.<\/p>\n\n\n\n<p class=\"has-black-color has-text-color has-medium-font-size\">In sintesi, l&#8217;Istituto Comprensivo Statale \u201cFoscolo-Oberdan\u201d rappresenta un esempio significativo di come le scuole possono adattarsi e innovarsi per affrontare le sfide educative contemporanee. La combinazione di edifici storici e la transizione verso una didattica pi\u00f9 personalizzata evidenziano l&#8217;impegno dell&#8217;istituto nel fornire un&#8217;educazione di qualit\u00e0, in sintonia con le esigenze del territorio e della sua utenza.<\/p>\n\n\n\n<details class=\"wp-block-details has-black-color has-text-color has-medium-font-size is-layout-flow wp-block-details-is-layout-flow\"><summary>Onde e vibrazioni<\/summary>\n<ul class=\"wp-block-list has-pale-cyan-blue-color has-text-color\">\n<li><a href=\"https:\/\/www.les.unina.it\/index.php\/proprieta-delle-onde\/\" data-type=\"page\" data-id=\"7432\">Propriet\u00e0 delle onde<\/a><\/li>\n\n\n\n<li><a href=\"https:\/\/www.les.unina.it\/index.php\/vibrazioni-e-suono\/\" data-type=\"page\" data-id=\"7442\">Vibrazioni e suono<\/a><\/li>\n<\/ul>\n<\/details>\n\n\n\n<p class=\"has-medium-font-size\"><a href=\"https:\/\/www.les.unina.it\/index.php\/misure-di-volumi-con-lacqua\/\" data-type=\"page\" data-id=\"7414\">Le propriet\u00e0 dei materiali e dell&#8217;acqua<\/a><\/p>\n\n\n\n<p class=\"has-medium-font-size\"><a href=\"https:\/\/www.les.unina.it\/index.php\/geometria-foscolo-oberdan\/\" data-type=\"page\" data-id=\"8018\">Laboratorio di geometria<\/a><\/p>\n\n\n\n<p><\/p>\n","protected":false},"excerpt":{"rendered":"<p>L&#8217;Istituto Comprensivo Statale \u201cFoscolo-Oberdan\u201d \u00e8 stato istituito nell&#8217;anno scolastico 2013\/2014, risultato del consolidamento della Scuola Secondaria di Primo Grado \u201cUgo Foscolo\u201d e del 12\u00b0 Circolo Didattico \u201cGuglielmo Oberdan\u201d, entrambe situate &#8230;<\/p>\n","protected":false},"author":1,"featured_media":0,"parent":0,"menu_order":0,"comment_status":"closed","ping_status":"closed","template":"","meta":{"footnotes":""},"class_list":["post-7407","page","type-page","status-publish","hentry"],"_links":{"self":[{"href":"https:\/\/www.les.unina.it\/index.php\/wp-json\/wp\/v2\/pages\/7407","targetHints":{"allow":["GET"]}}],"collection":[{"href":"https:\/\/www.les.unina.it\/index.php\/wp-json\/wp\/v2\/pages"}],"about":[{"href":"https:\/\/www.les.unina.it\/index.php\/wp-json\/wp\/v2\/types\/page"}],"author":[{"embeddable":true,"href":"https:\/\/www.les.unina.it\/index.php\/wp-json\/wp\/v2\/users\/1"}],"replies":[{"embeddable":true,"href":"https:\/\/www.les.unina.it\/index.php\/wp-json\/wp\/v2\/comments?post=7407"}],"version-history":[{"count":10,"href":"https:\/\/www.les.unina.it\/index.php\/wp-json\/wp\/v2\/pages\/7407\/revisions"}],"predecessor-version":[{"id":8028,"href":"https:\/\/www.les.unina.it\/index.php\/wp-json\/wp\/v2\/pages\/7407\/revisions\/8028"}],"wp:attachment":[{"href":"https:\/\/www.les.unina.it\/index.php\/wp-json\/wp\/v2\/media?parent=7407"}],"curies":[{"name":"wp","href":"https:\/\/api.w.org\/{rel}","templated":true}]}}