{"id":66,"date":"2019-02-24T19:47:08","date_gmt":"2019-02-24T18:47:08","guid":{"rendered":"http:\/\/www.les.unina.it\/wordpress\/?page_id=66"},"modified":"2025-12-16T16:26:28","modified_gmt":"2025-12-16T15:26:28","slug":"people","status":"publish","type":"page","link":"https:\/\/www.les.unina.it\/index.php\/people\/","title":{"rendered":"Chi siamo"},"content":{"rendered":"\n<h1 class=\"wp-block-heading\"><strong>Chi siamo<\/strong><\/h1>\n\n\n\n\n\n<h5 class=\"wp-block-heading has-medium-font-size\"><strong>Gruppo di Ricerca in Didattica della Matematica e della Fisica<\/strong><\/h5>\n\n\n\n<p class=\"has-black-color has-text-color has-link-color has-medium-font-size wp-elements-b9b0450add6a6627771a59d5dfb2311a\">Emilio Balzano &#8211;\u00a0\u00a0(responsabile scientifico), Giancarlo Artiano \u2013 (responsabile progetto e coordinamento attivit\u00e0 didattiche), Alessandro Amabile, Annarita Annunziata, Pietro Piccialli, Rodolfo Figari, Antonella Liccardo, Francesca De Risi,Ciro Minichini <\/p>\n\n\n\n<p class=\"has-black-color has-text-color has-link-color has-medium-font-size wp-elements-9ea9de3557edab6b4469dff93e6affdc\"><\/p>\n\n\n\n<div style=\"height:50px\" aria-hidden=\"true\" class=\"wp-block-spacer\"><\/div>\n\n\n\n<p class=\"has-black-color has-text-color has-link-color has-medium-font-size wp-elements-5490ca1887b1bbd9c13ddd58355c7645\">Il Gruppo di Ricerca in Didattica della Matematica e della Fisica si \u00e8 formato, a partire dagli anni Settanta, attraverso il confluire e la progressiva integrazione di diversi filoni di ricerca, originariamente sviluppati nell\u2019ambito del Seminario Didattico della Facolt\u00e0 di Scienze (interessi diretti all\u2019aggiornamento dei docenti in ambito storico-culturale e alla ricerca-azione&nbsp;&nbsp;nei contesti di insegnamento\/apprendimento), il cui direttore \u00e8 stato per diversi anni Paolo Guidoni e del Gruppo Didattica Assistita dall\u2019Elaboratore (DAE), interessato all\u2019integrazione tecnologica nell\u2019insegnamento, che ha avuto tra i fondatori Elena Sassi. <\/p>\n\n\n\n<p class=\"has-black-color has-text-color has-link-color has-medium-font-size wp-elements-7b009aa874585fe926573ed42cbabbcc\">L\u2019esperienza di ricerca sviluppata nel corso degli anni ha permesso di individuare e perseguire diversi filoni di ricerca e di sperimentazione&nbsp;&nbsp;in particolare nel&nbsp;&nbsp;riorganizzare i percorsi concettuali e correlando in maniera disciplinarmente e cognitivamente risonante gli aspetti fisici e matematici con la sperimentazione di attivit\u00e0 didattiche dalla scuola di base all\u2019universit\u00e0. I filoni di ricerca riguardano anche la formazione iniziale e in servizio degli insegnanti, l\u2019uso di tecnologie digitali,&nbsp;&nbsp;la relazione tra educazione formale e informale, nella collaborazione sistematica con centri e musei della scienza a livello locale e internazionale. Emilio Balzano \u00e8 stato per anni responsabile della Sezione Didattica di Citt\u00e0 della Scienza che ha progettato e sperimentato attivit\u00e0 scientifiche e matematiche con circa 70.000 studenti. Il Gruppo \u00e8 stato coinvolto in circa 100 progetti, anche con ruolo di responsabilit\u00e0 e coordinamento a livello locale, nazionale e internazionale.<\/p>\n\n\n\n<div style=\"height:20px\" aria-hidden=\"true\" class=\"wp-block-spacer\"><\/div>\n\n\n\n<hr class=\"wp-block-separator has-css-opacity\"\/>\n\n\n\n<div style=\"height:20px\" aria-hidden=\"true\" class=\"wp-block-spacer\"><\/div>\n\n\n\n<p class=\"has-black-color has-text-color has-link-color has-medium-font-size wp-elements-bb8d9bcfed570eb4616885b2662a9b10\"><strong>Il contributo nella Ricerca<\/strong><\/p>\n\n\n\n<p class=\"has-black-color has-text-color has-link-color has-medium-font-size wp-elements-56eefcdb414fd05be9091115e7ed1bfe\">Il contributo offerto dagli sviluppi della ricerca in Didattica della matematica e della fisica negli ultimi decenni ha dimostrato che percorsi a lungo termine efficacemente risonanti di spiegazione-comprensione e di insegnamento-apprendimento sono di fatto progettabili, eseguibili e verificabili in condizioni sociali ordinarie, coinvolgendo la quasi totalit\u00e0 degli alunni invece dell\u2019attuale esigua minoranza. In particolare, l\u2019esperienza di ricerca sviluppata nel corso degli anni, secondo linee spesso originali e oggi largamente apprezzate e condivise a livello nazionale e internazionale, ha permesso di individuare e perseguire filoni di ricerca la cui progressiva specificazione e integrazione appare necessaria ad un intervento di trasmissione culturale a livello di base (3 \u2013 20 anni) che sia effettivamente risonante nei confronti della maggioranza della popolazione scolastica. Il progetto nazionale LES (Laboratorio per l&#8217;Educazione alla Scienza) ha sviluppato, testato e disseminato percorsi educativi integrando attivit\u00e0 formali e informali su materie scientifiche multidisciplinari. Il materiale didattico (in particolare le sceneggiature dei \u201csette percorsi di fisica\u201d) \u00e8 utilizzato attualmente nei corsi di formazione.<\/p>\n\n\n\n<p class=\"has-black-color has-text-color has-link-color has-medium-font-size wp-elements-dff661fb0c5438dc6fb29dbce9565c48\">Uno dei filoni della ricerca \u00e8 finalizzato a sviluppare e diffondere expertise nelle relazioni fra educazione formale e informale, e nella collaborazione sistematica di Musei e Centri con le Scuole. (Ricerca sviluppata a partire dalla collaborazione con \u2018Futuro Remoto\u2019 e Citt\u00e0 della Scienza, con la seguente realizzazione e gestione del LES &#8211; Laboratorio di Educazione Scientifica). L\u2019interesse a questo aspetto riguarda sia i modi di apprendere nei contesti informali integrando interattivit\u00e0, cooperazione e approccio fenomenologico nell\u2019esplorazione e nello studio dei fenomeni fisici sia la ricerca nel trovare modi non banali per diffondere la cultura scientifica e per coinvolgere in modo attivo i cittadini anche nel contrato alla povert\u00e0 educativa.<\/p>\n\n\n\n<p class=\"has-black-color has-text-color has-link-color has-medium-font-size wp-elements-2849db9129fa4f478247526483c7c8f5\">I diversi filoni di ricerca, sviluppati a tutti i livelli di formazione (dalla scuola d\u2019infanzia al primo biennio universitario e alla formazione universitaria degli insegnanti in ambito SICSI, LES e Formazione Primaria), emerge che la maggiore criticit\u00e0, in vista dei notevoli successi che l\u2019approccio ottiene sperimentalmente in termini di comprensione e motivazione da parte degli studenti, risiede nell\u2019atteggiamento culturale e professionale richiesto agli insegnanti cos\u00ec come \u00e8 definito dalla loro formazione universitaria e stabilizzato dai programmi e dai libri di testo di uso comune. Da qui l\u2019attuale interesse di ricerca del Gruppo centrato su modi di prima formazione (il Gruppo progetta e organizza corsi e laboratori a Scienze della Formazione Primaria) e formazione permanente dei docenti che li mettano in grado di gestire con successo strategie didattiche risonanti con le esigenze e le potenzialit\u00e0 formative presenti nei ragazzi di ogni et\u00e0.<\/p>\n\n\n\n<p class=\"has-black-color has-text-color has-link-color has-medium-font-size wp-elements-8cb0ba77c27b8a9b78de49ac4b2dbccc\"><strong>I principali progetti sull\u2019educazione scientifica e matematica<\/strong><\/p>\n\n\n\n<p class=\"has-black-color has-text-color has-link-color has-medium-font-size wp-elements-295672f8eea30ddbad4f16a666864f34\">I principali progetti, a partire dagli anni \u201980, che hanno coinvolto il Gruppo di Ricerca sulle strategie per migliorare l\u2019apprendimento e l\u2019insegnamento in ambito scientifico e matematico con particolare attenzione alla produzione di materiale didattico e alla formazione iniziale e in servizio degli insegnanti e al rapporto tra educazione formale e informale sono riportati nel seguito in modo sintetico. Il materiale di documentazione prodotto pu\u00f2 essere richiesto alla redazione del sito LES.<\/p>\n\n\n\n<p class=\"has-black-color has-text-color has-link-color has-medium-font-size wp-elements-a43a92c49fe172f24836595594feef1b\"><strong>Progetti nazionali<\/strong><\/p>\n\n\n\n<p class=\"has-black-color has-text-color has-link-color has-medium-font-size wp-elements-dd7f486babc8ffc0ec2888e9b273871b\">2 Progetti Coordinati CNR sull\u2019educazione scientifica e matematica con attenzione all\u2019uso innovativo delle tecnologie informatiche, (responsabile. E. Sassi) che hanno coinvolto circa 15 universit\u00e0 italiane<\/p>\n\n\n\n<p class=\"has-black-color has-text-color has-link-color has-medium-font-size wp-elements-09077f630b32dd30b76c2101cb152448\">2 Progetti PRIN sul curricolo di fisica e la formazione degli insegnati con coordinamenti nazionali di diverse universit\u00e0 italiane e collaborazioni internazionali (responsabile P. Guidoni)<\/p>\n\n\n\n<p class=\"has-black-color has-text-color has-link-color has-medium-font-size wp-elements-4ff1ae851db0ca38524896ee3915a7c6\">Progetto Nazionale MIUR- LES Realizzazione di laboratori per l&#8217;Educazione alla Scienza. con la sperimentazione di materiale didattico utilizzato in classe e in corsi di formazione per insegnanti. (Responsabile E.Balzano). Il materiale \u00e8 nel sito LES<\/p>\n\n\n\n<p class=\"has-black-color has-text-color has-link-color has-medium-font-size wp-elements-fc0b96176684b6b038f22420c5462a59\">Piano ISS \u2013MIUR per l\u2019Insegnamento delle Scienze Sperimentali, con membri del Gruppo di Pilotaggio Nazionale (tra gli ideatori del progetto) e del Comitato Scientifico Nazionale (<a href=\"http:\/\/archivio.pubblica.istruzione.it\/docenti\/allegati\/piano_iss_06.pdf\"><mark style=\"background-color:rgba(0, 0, 0, 0)\" class=\"has-inline-color has-pale-cyan-blue-color\">http:\/\/archivio.pubblica.istruzione.it\/docenti\/allegati\/piano_iss_06.pdf<\/mark><\/a>)<\/p>\n\n\n\n<p class=\"has-black-color has-text-color has-link-color has-medium-font-size wp-elements-a13f7e1f6801e7b8b2b1db7cc0362ef4\">Progetto INFN-RADIOLAB, 2014, tre anni, per la realizzazione di materiali e attivit\u00e0 didattiche sul monitoraggio del RADON<\/p>\n\n\n\n<p class=\"has-black-color has-text-color has-link-color has-medium-font-size wp-elements-d84f27081f502be2459ab8c1e8a02b75\"><strong>Progetti internazionali (Responsabilit\u00e0 per UNINA)<\/strong><\/p>\n\n\n\n<p class=\"has-black-color has-text-color has-link-color has-medium-font-size wp-elements-5a903358b516acc00b1e02fa8d81aa13\">Progetto Europeo STTIS -1999, 3 anni (responsabile UNINA, E. Sassi) sulle trasformazioni attuate dagli insegnanti nell\u2019adozione di proposte di innovazione didatta<\/p>\n\n\n\n<p class=\"has-black-color has-text-color has-link-color has-medium-font-size wp-elements-520563ad5a5eb93251b0163b69653662\">INGV &#8211; IDIS &#8211; 2001 : EduSeis, 3anni, Education through Seismology, 3 anni,<\/p>\n\n\n\n<p class=\"has-black-color has-text-color has-link-color has-medium-font-size wp-elements-b0565ce3c5ad62d80e04d2d0c1543625\">FP6 &#8211; SCIENCE and SOCIETY-2004, PENCIL &#8211; Permanent European Resource Centre for Informal Learning \u2013 durata 3 anni. Con il King\u2019s college di Londra, UNINA ha svolto l\u2019importante ruolo di supporto e di valutazione per le attivit\u00e0 progettate da 14 musei scientifici europei.<\/p>\n\n\n\n<p class=\"has-black-color has-text-color has-link-color has-medium-font-size wp-elements-f2e6de30704ffaa648397eb0ff74002d\">INFN &#8211; 2007: ENVIRAD-SPLASH Environmental Radioactivity.<\/p>\n\n\n\n<p class=\"has-black-color has-text-color has-link-color has-medium-font-size wp-elements-d22a39404f8f0687c036cf4618733cbf\">FP7-SCIENCE-IN-SOCIETY-2009-1: Transformative Research Activities. Cultural diversities and Education in Science, durata 2 anni , (E. Balzano P. I. e Coordinatore)<\/p>\n\n\n\n<p class=\"has-black-color has-text-color has-link-color has-medium-font-size wp-elements-806ab4fbeba34fa0dc7c3b7456c79e1f\">FP7-SCIENCE-IN-SOCIETY-2010-1: Immersion in the Science Worlds through Arts, durata 2 anni; (E. Balzano responsabile UNINA e responsabile scientifico per le attivit\u00e0 didattiche dell\u2019intero consorzio);<\/p>\n\n\n\n<p class=\"has-black-color has-text-color has-link-color has-medium-font-size wp-elements-e0abc69e464d3c5ecd5e84b054dc5248\">LLP Erasmus INTENSIVE PROGRAMME LIGHT 2010-2012 circa 15 studenti di UNINA hanno partecipato, nei tre anni ad attivit\u00e0 di workshop e di studio in universit\u00e0 europee su temi di ottica;<\/p>\n\n\n\n<p class=\"has-black-color has-text-color has-link-color has-medium-font-size wp-elements-5db9a9831f80ab10d9d5b0bfc92f8cff\">LLP- P.O.R. Campania- Azioni dirette di Life Long Learning Progetto \u201cScienza e Societ\u00e0 &#8211; Pratiche di apprendimento permanente per gli Science &amp; Technology studies\u201d, durata 2 anni<\/p>\n\n\n\n<p class=\"has-black-color has-text-color has-link-color has-medium-font-size wp-elements-07044634535ebff4350f5d1f2b90e119\">LLP-COMENIUS-CNW- 2013: Inquiry Network for Science Technology Engineering Mathematics education, 3 anni,<\/p>\n\n\n\n<p class=\"has-black-color has-text-color has-link-color has-medium-font-size wp-elements-6cb00b3757b2d6ed0518df0f481095f7\">LLP-ERASMUS+, \u00e9poque, 2014, due anni, sul tema dell\u2019educazione ambientale e lo sviluppo sostenibile 2 anni;<\/p>\n\n\n\n<p class=\"has-black-color has-text-color has-link-color has-medium-font-size wp-elements-dadc765fd7a15a14f075db24efe4b2da\">LLP-ERASMUS+, @MINDSET, 2014, 2 anni, sul tema due anni, sull\u2019apprendimento permanente nei contesti formale, non formale e informale in tutti i campi dell\u2019educazione<\/p>\n\n\n\n<p class=\"has-black-color has-text-color has-link-color has-medium-font-size wp-elements-fcf57fd1a14a720a33d0113985acaf74\">FP7-SCIENCE-IN-SOCIETY, 2013 GENOVATE- Transforming organisational culture gender equality in research and innovation,<\/p>\n\n\n\n<p class=\"has-black-color has-text-color has-link-color has-medium-font-size wp-elements-7b2ceed5867a4e4d28b6d1b6a9829e40\"><strong>Progetti di Contrasto alla Povert\u00e0 Educativa (Responsabilit\u00e0 per UNINA)<\/strong><\/p>\n\n\n\n<p class=\"has-black-color has-text-color has-link-color has-medium-font-size wp-elements-8f98925c437aeab85bf2007df6ea8e27\">Progetto CATERINA, 2018-2022, Impresa Sociale con i Bambini, Partenariato con Scuole e Associazioni, tre anni, prolungato, finito a marzo 2022<\/p>\n\n\n\n<p class=\"has-black-color has-text-color has-link-color has-medium-font-size wp-elements-30d927a7806a3c1456a99927fdcca26b\">Progetto Rete-Formale-Informale, 2020, Consiglio di Amministrazione della Universit\u00e0 degli Studi di Napoli Federico II, due anni<\/p>\n\n\n\n<p class=\"has-black-color has-text-color has-link-color has-medium-font-size wp-elements-5e3d052fd1c690dc9b40242b9c9fa7f4\">Progetto EduCare, 2019-2023, Impresa Sociale con i Bambini, Partenariato con Scuole e Associazioni, tre anni<\/p>\n\n\n\n<p class=\"has-black-color has-text-color has-link-color has-medium-font-size wp-elements-e3b78191b08b6bda13caa2e53619f0cf\">Progetto Oceani in Costruzione, 2022-2025 Impresa Sociale con i Bambini, Partenariato con Scuole e Associazioni,<\/p>\n\n\n\n<p class=\"has-black-color has-text-color has-link-color has-medium-font-size wp-elements-c34d8d5e4d4111d0d814287d456aff8c\">Progetto NOTE, 2022-2025 Agenzia governativa per la Coesione Sociale, Partenariato con Scuole e Associazioni,<\/p>\n\n\n\n<p class=\"has-black-color has-text-color has-link-color has-medium-font-size wp-elements-79ed3fa29b26aedd8ebadd6bc7ea4648\">Progetto Cambia-menti 2023-2027 Impresa Sociale con i Bambini, Partenariato con Scuole e Associazioni<\/p>\n\n\n\n<p class=\"has-black-color has-text-color has-link-color has-medium-font-size wp-elements-f1bb57f88e09f992a5683b74af7a6844\">Progetto Passepartout 2025-2028 Agenzia governativa per la Coesione Sociale, Partenariato con Scuole e Associazioni, tre anni,<\/p>\n\n\n\n<p class=\"has-black-color has-text-color has-link-color has-medium-font-size wp-elements-80e5a639e0a077ba307427f81897cd34\"><strong>Il Progetto <a href=\"https:\/\/cordis.europa.eu\/project\/id\/244898\" data-type=\"link\" data-id=\"https:\/\/cordis.europa.eu\/project\/id\/244898\"><mark style=\"background-color:rgba(0, 0, 0, 0)\" class=\"has-inline-color has-pale-cyan-blue-color\">TRACES<\/mark><\/a> (Transformative Research Activities. Cultural diversities and Education in Science) (di cui E. Balzano \u00e8 stato p.i. e coordinatore)<\/strong><\/p>\n\n\n\n<p class=\"has-black-color has-text-color has-link-color has-medium-font-size wp-elements-687e23ede4640f88f186f7bcb5b79599\">Molti risultati della ricerca nel settore dell&#8217;educazione scientifica sono noti e ampiamente condivisi. Questi si riferiscono per esempio all&#8217;apprendimento basato sull&#8217;indagine e sulla modellizzazione, all&#8217;apprendimento attraverso il fare, alla dimensione sociale dell&#8217;apprendimento, alla dimensione storica nell\u2019insegnamento, all&#8217;apprendimento attivo, ai diversi stili di apprendimento, basati su fattori individuali, culturali e di genere. Un altro fatto noto \u00e8 che c&#8217;\u00e8 un divario profondo tra i risultati della ricerca e la pratica sul campo. Mentre la ricerca ha dedicato molto impegno ad analizzare l&#8217;apprendimento degli studenti individuando metodologie efficaci per l&#8217;insegnamento delle scienze, si \u00e8 prestata poca attenzione alle barriere che ostacolano una collaborazione proficua tra insegnanti e ricercatori nelle scuole. Con una particolare attenzione alla dimensione culturale dell&#8217;apprendimento, TRACES ha esplorato strategie per colmare il divario tra ricerca e pratica in campo scientifico creando comunit\u00e0 di studenti, insegnanti, ricercatori e responsabili delle politiche educative. Sperimentando una innovativa collaborazione \u201calla pari\u201d tra universit\u00e0 e scuole, ricercatori e insegnanti di due paesi europei (Italia e Spagna), di Israele e di tre paesi dell&#8217;America Latina (Argentina, Brasile, Colombia) hanno coinvolto alcune migliaia di persone a livello nazionale e di consorzio per individuare le specificit\u00e0 nazionali e mettere assieme i risultati nelle differenti fasi del progetto. Il progetto e stato strutturato secondo quattro grandi passi: 1. Una indagine su larga scala delle percezioni e delle convinzioni degli insegnanti\u2014 e di altri soggetti a vario titolo coinvolti nel sistema educativo \u2014 in merito all\u2019educazione scientifica. 2. L\u2019implementazione di azioni di campo, che hanno visto il coinvolgimento diretto degli insegnanti, da un lato nella progettazione, nella conduzione e nell\u2019analisi di attivit\u00e0 e percorsi educativi sviluppati nelle classi; dall\u2019altro lato in un processo di riflessione critica intorno alla loro pratica lavorativa. 3. La produzione di diversi studi di caso, finalizzati all\u2019analisi delle azioni di campo. 4. L\u2019elaborazione di raccomandazioni basate su una analisi complessiva e comparata dei risultati delle ricognizioni su larga scala e dei risultati raccolti negli studi di caso in ciascuno dei paesi coinvolti. I risultati di TRACES, sono documentati in diversi rapporti di ricerca e sono stati ripresi in diversi altri progetti internazionali in particolare in Europa e in America Latina cos\u00ec come ad esempio emerso al \u201cX Congreso Internacional sobre Investigaci\u00f3n en Did\u00e1cticas de las Ciencias\u201d (Siviglia 5-8 settembre 2017).<\/p>\n","protected":false},"excerpt":{"rendered":"<p>Chi siamo Gruppo di Ricerca in Didattica della Matematica e della Fisica Emilio Balzano &#8211;\u00a0\u00a0(responsabile scientifico), Giancarlo Artiano \u2013 (responsabile progetto e coordinamento attivit\u00e0 didattiche), Alessandro Amabile, Annarita Annunziata, Pietro &#8230;<\/p>\n","protected":false},"author":1,"featured_media":0,"parent":0,"menu_order":0,"comment_status":"closed","ping_status":"closed","template":"","meta":{"footnotes":""},"class_list":["post-66","page","type-page","status-publish","hentry"],"_links":{"self":[{"href":"https:\/\/www.les.unina.it\/index.php\/wp-json\/wp\/v2\/pages\/66","targetHints":{"allow":["GET"]}}],"collection":[{"href":"https:\/\/www.les.unina.it\/index.php\/wp-json\/wp\/v2\/pages"}],"about":[{"href":"https:\/\/www.les.unina.it\/index.php\/wp-json\/wp\/v2\/types\/page"}],"author":[{"embeddable":true,"href":"https:\/\/www.les.unina.it\/index.php\/wp-json\/wp\/v2\/users\/1"}],"replies":[{"embeddable":true,"href":"https:\/\/www.les.unina.it\/index.php\/wp-json\/wp\/v2\/comments?post=66"}],"version-history":[{"count":6,"href":"https:\/\/www.les.unina.it\/index.php\/wp-json\/wp\/v2\/pages\/66\/revisions"}],"predecessor-version":[{"id":8118,"href":"https:\/\/www.les.unina.it\/index.php\/wp-json\/wp\/v2\/pages\/66\/revisions\/8118"}],"wp:attachment":[{"href":"https:\/\/www.les.unina.it\/index.php\/wp-json\/wp\/v2\/media?parent=66"}],"curies":[{"name":"wp","href":"https:\/\/api.w.org\/{rel}","templated":true}]}}