{"id":4951,"date":"2023-03-13T14:18:35","date_gmt":"2023-03-13T13:18:35","guid":{"rendered":"http:\/\/www.les.unina.it\/?page_id=4951"},"modified":"2025-07-25T15:47:41","modified_gmt":"2025-07-25T13:47:41","slug":"napoli","status":"publish","type":"page","link":"https:\/\/www.les.unina.it\/index.php\/napoli\/","title":{"rendered":"O.C. Napoli"},"content":{"rendered":"\n<h1 class=\"wp-block-heading\">I laboratori<\/h1>\n\n\n\n<p class=\"has-black-color has-text-color has-medium-font-size\">Il 19\u00b0 Istituto Comprensivo Russo-Montale comprende 4 plessi dislocati su un territorio che si estende dal cuore del quartiere Stella fino al rione Materdei e appartiene a due diverse Municipalit\u00e0. La scuola opera in un quartiere caratterizzato da un\u2019alta densit\u00e0 abitativa e in un contesto economico, sociale e culturale abbastanza eterogeneo, nel quale, inoltre, vi \u00e8 una forte presenza di famiglie straniere. Nei Rioni Sanit\u00e0 e Fontanelle, si \u00e8 rilevata la presenza di storie di emarginazione e disoccupazione che spesso sfociano nella pratica di attivit\u00e0 illegali che, talvolta, coinvolgono anche i minori. Il contesto \u00e8 identificato, dunque, come \u201czona a rischio\u201d.<\/p>\n\n\n\n<p class=\"has-black-color has-text-color has-medium-font-size\">L\u2019Istituto, pertanto, nelle sue scelte di attivit\u00e0 didattiche e dei progetti ha individuato i seguenti obiettivi formativi: valorizzare e potenziare le competenze linguistiche e le competenze logico- matematiche; valorizzare e potenziare le competenze nella pratica e cultura nell\u2019arte; potenziare le competenze di cittadinanza, stimolare comportamenti responsabili di legalit\u00e0 e rispetto della diversit\u00e0 ; promuovere comportamenti ispirati a uno stile di vita sano; valorizzare e potenziare le competenze digitali (pensiero computazionale, uso critico dei social); potenziare le metodologie laboratoriali e di ricerca-azione; prevenire e contrastare la dispersione; prevenire e contrastare ogni forma di discriminazione e di bullismo; potenziare l\u2019inclusione scolastica e il diritto allo studio degli alunni con bisogni educativi speciali; valorizzare la scuola intesa come comunit\u00e0 attiva, aperta al territorio e in grado di sviluppare e aumentare l\u2019 interazione con le famiglie e la comunit\u00e0 locale; garantire percorsi di continuit\u00e0 e di orientamento.<\/p>\n\n\n\n<p class=\"has-black-color has-text-color has-medium-font-size\">Le attivit\u00e0 svolte da parte del gruppo di ricerca sono avvenute nei plessi Lombardi-Fontanelle e Russo Montale, calibrandole in base ai punti di forza e le criticit\u00e0 emerse da osservazioni sul campo.<\/p>\n\n\n\n<p class=\"has-black-color has-text-color has-medium-font-size\"><\/p>\n\n\n\n<details class=\"wp-block-details has-black-color has-text-color is-layout-flow wp-block-details-is-layout-flow\" style=\"font-size:25px\"><summary>Con i bambini <\/summary>\n<p class=\"has-text-align-left\"><a href=\"https:\/\/www.les.unina.it\/index.php\/luce-colore-e-visione-froebeliano\/\" data-type=\"page\" data-id=\"7764\">Luce, colore e visione al Froebeliano<\/a> <\/p>\n\n\n\n<p class=\"has-text-align-left\"><a href=\"https:\/\/www.les.unina.it\/index.php\/napoli\/o-c-napoli\/\">L&#8217;equilibrio al plesso Russo-Montale<\/a><\/p>\n\n\n\n<p><a href=\"https:\/\/www.les.unina.it\/index.php\/plesso-fontanelle\/\">Luce, ombre e visione alle Fontanelle<\/a><\/p>\n\n\n\n<p><a href=\"https:\/\/www.les.unina.it\/index.php\/luce-russo\/\" data-type=\"page\" data-id=\"8050\">Luce e ombre al plesso Russo<\/a><\/p>\n<\/details>\n\n\n\n<details class=\"wp-block-details has-black-color has-text-color is-layout-flow wp-block-details-is-layout-flow\" style=\"font-size:25px\"><summary>Ambiente immersivo<\/summary>\n<p><\/p>\n<\/details>\n\n\n\n<details class=\"wp-block-details has-black-color has-text-color is-layout-flow wp-block-details-is-layout-flow\" style=\"font-size:25px\"><summary>Con gli adulti<\/summary>\n<p>formazione<\/p>\n<\/details>\n","protected":false},"excerpt":{"rendered":"<p>I laboratori Il 19\u00b0 Istituto Comprensivo Russo-Montale comprende 4 plessi dislocati su un territorio che si estende dal cuore del quartiere Stella fino al rione Materdei e appartiene a due &#8230;<\/p>\n","protected":false},"author":1,"featured_media":0,"parent":0,"menu_order":0,"comment_status":"closed","ping_status":"closed","template":"","meta":{"footnotes":""},"class_list":["post-4951","page","type-page","status-publish","hentry"],"_links":{"self":[{"href":"https:\/\/www.les.unina.it\/index.php\/wp-json\/wp\/v2\/pages\/4951","targetHints":{"allow":["GET"]}}],"collection":[{"href":"https:\/\/www.les.unina.it\/index.php\/wp-json\/wp\/v2\/pages"}],"about":[{"href":"https:\/\/www.les.unina.it\/index.php\/wp-json\/wp\/v2\/types\/page"}],"author":[{"embeddable":true,"href":"https:\/\/www.les.unina.it\/index.php\/wp-json\/wp\/v2\/users\/1"}],"replies":[{"embeddable":true,"href":"https:\/\/www.les.unina.it\/index.php\/wp-json\/wp\/v2\/comments?post=4951"}],"version-history":[{"count":15,"href":"https:\/\/www.les.unina.it\/index.php\/wp-json\/wp\/v2\/pages\/4951\/revisions"}],"predecessor-version":[{"id":8052,"href":"https:\/\/www.les.unina.it\/index.php\/wp-json\/wp\/v2\/pages\/4951\/revisions\/8052"}],"wp:attachment":[{"href":"https:\/\/www.les.unina.it\/index.php\/wp-json\/wp\/v2\/media?parent=4951"}],"curies":[{"name":"wp","href":"https:\/\/api.w.org\/{rel}","templated":true}]}}