{"id":1699,"date":"2019-10-21T16:08:00","date_gmt":"2019-10-21T14:08:00","guid":{"rendered":"http:\/\/www.les.unina.it\/?page_id=1699"},"modified":"2023-09-13T11:03:23","modified_gmt":"2023-09-13T09:03:23","slug":"educare-attivita-bordiga","status":"publish","type":"page","link":"https:\/\/www.les.unina.it\/index.php\/progetti-2\/enti-coinvolti\/le-classi-i-c-porchiano-bordiga\/educare-attivita-bordiga\/","title":{"rendered":"I C &#8211; I.C. Porchiano-Bordiga"},"content":{"rendered":"\n<h2 class=\"wp-block-heading has-text-align-center\">Studio delle propriet\u00e0 dell\u2019acqua e della tecnologia di macchine e meccanismi<\/h2>\n\n\n\n<p>La sperimentazione \u00e8 stata sviluppata nell\u2019ambito del progetto Educare con la I C dell\u2019I.C. \u201cPorchiano-Bordiga\u201d di Napoli. Sono stati organizzati 10 incontri da 2 ore nel periodo di Novembre-Dicembre 2019. In itinere \u00e8 stato organizzato un&#8217;attivit\u00e0-laboratorio per i genitori degli alunni beneficiari della sperimentazione. L&#8217;incontro \u00e8 stato un momento importante per condividere buone pratiche ed esperienze per aiutare i nostri ragazzi nel favorire una comprensione profonda e duratura di fenomeni che incontriamo, e dei modi per interpretarli, anche a casa e nelle attivit\u00e0 quotidiane al di fuori della scuola.<\/p>\n\n\n<div class=\"wp-block-image\">\n<figure class=\"aligncenter size-full\"><img loading=\"lazy\" decoding=\"async\" width=\"600\" height=\"400\" src=\"https:\/\/www.les.unina.it\/wp-content\/uploads\/2023\/09\/DSC01554.jpg\" alt=\"\" class=\"wp-image-5578\" srcset=\"https:\/\/www.les.unina.it\/wp-content\/uploads\/2023\/09\/DSC01554.jpg 600w, https:\/\/www.les.unina.it\/wp-content\/uploads\/2023\/09\/DSC01554-300x200.jpg 300w\" sizes=\"auto, (max-width: 600px) 100vw, 600px\" \/><\/figure>\n<\/div>\n\n\n<p class=\"has-medium-font-size\"><a href=\"http:\/\/www.les.unina.it\/?page_id=136\">Prima Attivit\u00e0<\/a><\/p>\n\n\n\n<p class=\"has-medium-font-size\"><a href=\"http:\/\/www.les.unina.it\/?page_id=1710\">Seconda Attivit\u00e0<\/a><\/p>\n\n\n\n<p class=\"has-medium-font-size\"><a href=\"http:\/\/www.les.unina.it\/?page_id=1848\">Terza Attivit\u00e0<\/a><\/p>\n\n\n\n<p class=\"has-medium-font-size\"><a href=\"http:\/\/www.les.unina.it\/?p=2191\">Quarta Attivit\u00e0<\/a><\/p>\n\n\n\n<p class=\"has-medium-font-size\"><a href=\"http:\/\/www.les.unina.it\/?p=2201\">Quinta Attivit\u00e0<\/a><\/p>\n\n\n\n<p class=\"has-medium-font-size\"><a href=\"http:\/\/www.les.unina.it\/?p=2224\">Sesta Attivit\u00e0<\/a><\/p>\n\n\n\n<p class=\"has-medium-font-size\"><a href=\"http:\/\/www.les.unina.it\/?p=2233\">Settima Attivit\u00e0<\/a><\/p>\n\n\n\n<p class=\"has-medium-font-size\"><a href=\"http:\/\/www.les.unina.it\/?p=2293\">Ottava Attivit\u00e0<\/a><\/p>\n\n\n\n<p class=\"has-medium-font-size\"><a href=\"http:\/\/www.les.unina.it\/?p=2508\">Con i genitori<\/a><\/p>\n","protected":false},"excerpt":{"rendered":"<p>Studio delle propriet\u00e0 dell\u2019acqua e della tecnologia di macchine e meccanismi La sperimentazione \u00e8 stata sviluppata nell\u2019ambito del progetto Educare con la I C dell\u2019I.C. \u201cPorchiano-Bordiga\u201d di Napoli. Sono stati &#8230;<\/p>\n","protected":false},"author":1,"featured_media":0,"parent":3011,"menu_order":1,"comment_status":"closed","ping_status":"closed","template":"","meta":{"footnotes":""},"class_list":["post-1699","page","type-page","status-publish","hentry"],"_links":{"self":[{"href":"https:\/\/www.les.unina.it\/index.php\/wp-json\/wp\/v2\/pages\/1699","targetHints":{"allow":["GET"]}}],"collection":[{"href":"https:\/\/www.les.unina.it\/index.php\/wp-json\/wp\/v2\/pages"}],"about":[{"href":"https:\/\/www.les.unina.it\/index.php\/wp-json\/wp\/v2\/types\/page"}],"author":[{"embeddable":true,"href":"https:\/\/www.les.unina.it\/index.php\/wp-json\/wp\/v2\/users\/1"}],"replies":[{"embeddable":true,"href":"https:\/\/www.les.unina.it\/index.php\/wp-json\/wp\/v2\/comments?post=1699"}],"version-history":[{"count":2,"href":"https:\/\/www.les.unina.it\/index.php\/wp-json\/wp\/v2\/pages\/1699\/revisions"}],"predecessor-version":[{"id":5579,"href":"https:\/\/www.les.unina.it\/index.php\/wp-json\/wp\/v2\/pages\/1699\/revisions\/5579"}],"up":[{"embeddable":true,"href":"https:\/\/www.les.unina.it\/index.php\/wp-json\/wp\/v2\/pages\/3011"}],"wp:attachment":[{"href":"https:\/\/www.les.unina.it\/index.php\/wp-json\/wp\/v2\/media?parent=1699"}],"curies":[{"name":"wp","href":"https:\/\/api.w.org\/{rel}","templated":true}]}}